{"id":97,"date":"2018-10-03T20:12:18","date_gmt":"2018-10-03T20:12:18","guid":{"rendered":"http:\/\/freunde-alter-technik-roemerstein.de\/?page_id=97"},"modified":"2018-10-03T23:36:57","modified_gmt":"2018-10-03T23:36:57","slug":"antrag-auf-mitgliedschaft","status":"publish","type":"page","link":"https:\/\/freunde-alter-technik-roemerstein.de\/index.php\/mitgliedschaft\/antrag-auf-mitgliedschaft\/","title":{"rendered":"Antrag auf Mitgliedschaft"},"content":{"rendered":"<p>Mit diesem Formular k\u00f6nnen Sie einen Aufnahmeantrag stellen.<\/p>\n<p>Einfach das Formular herunterladen, ausdrucken und ausgef\u00fcllt beim n\u00e4chsten Stammtisch im Vereinsheim vorbeibringen.<\/p>\n<p><a href=\"https:\/\/freunde-alter-technik-roemerstein.de\/wp-content\/uploads\/2018\/10\/Aufnahmeantrag-NEU.pdf\">Aufnahmeantrag<\/a><\/p>\n","protected":false},"excerpt":{"rendered":"<p>Mit diesem Formular k\u00f6nnen Sie einen Aufnahmeantrag stellen. Einfach das Formular herunterladen, ausdrucken und ausgef\u00fcllt beim n\u00e4chsten Stammtisch im Vereinsheim vorbeibringen. Aufnahmeantrag<\/p>\n","protected":false},"author":1,"featured_media":0,"parent":84,"menu_order":0,"comment_status":"closed","ping_status":"closed","template":"","meta":{"footnotes":""},"class_list":["post-97","page","type-page","status-publish","hentry"],"_links":{"self":[{"href":"https:\/\/freunde-alter-technik-roemerstein.de\/index.php\/wp-json\/wp\/v2\/pages\/97","targetHints":{"allow":["GET"]}}],"collection":[{"href":"https:\/\/freunde-alter-technik-roemerstein.de\/index.php\/wp-json\/wp\/v2\/pages"}],"about":[{"href":"https:\/\/freunde-alter-technik-roemerstein.de\/index.php\/wp-json\/wp\/v2\/types\/page"}],"author":[{"embeddable":true,"href":"https:\/\/freunde-alter-technik-roemerstein.de\/index.php\/wp-json\/wp\/v2\/users\/1"}],"replies":[{"embeddable":true,"href":"https:\/\/freunde-alter-technik-roemerstein.de\/index.php\/wp-json\/wp\/v2\/comments?post=97"}],"version-history":[{"count":2,"href":"https:\/\/freunde-alter-technik-roemerstein.de\/index.php\/wp-json\/wp\/v2\/pages\/97\/revisions"}],"predecessor-version":[{"id":155,"href":"https:\/\/freunde-alter-technik-roemerstein.de\/index.php\/wp-json\/wp\/v2\/pages\/97\/revisions\/155"}],"up":[{"embeddable":true,"href":"https:\/\/freunde-alter-technik-roemerstein.de\/index.php\/wp-json\/wp\/v2\/pages\/84"}],"wp:attachment":[{"href":"https:\/\/freunde-alter-technik-roemerstein.de\/index.php\/wp-json\/wp\/v2\/media?parent=97"}],"curies":[{"name":"wp","href":"https:\/\/api.w.org\/{rel}","templated":true}]}}