{"id":106,"date":"2018-10-03T20:21:34","date_gmt":"2018-10-03T20:21:34","guid":{"rendered":"http:\/\/freunde-alter-technik-roemerstein.de\/?page_id=106"},"modified":"2018-10-03T22:42:43","modified_gmt":"2018-10-03T22:42:43","slug":"vereinsheim","status":"publish","type":"page","link":"https:\/\/freunde-alter-technik-roemerstein.de\/index.php\/verein\/vereinsheim\/","title":{"rendered":"Vereinsheim"},"content":{"rendered":"<div>Unser Vereinsheim befindet sich in R\u00f6merstein-Donnstetten in der M\u00f6rikestra\u00dfe 4 (von<\/div>\n<div>Einheimischen \u201eKesselgasse\u201c genannt), direkt neben dem \u201eHaus der Vereine\u201c. Das<\/div>\n<div>Haus wurde von uns in den Jahren 2008 bis 2010 vollst\u00e4ndig umgebaut und im Oktober<\/div>\n<div>2010 eingeweiht.<\/div>\n<div>Im Erdgeschoss befinden sich die Toiletten und unser vereinsinternes Getr\u00e4nkelager.<\/div>\n<div>\u00dcber eine Treppe erreicht man den Vereinsraum im 1. Stock. Er bietet Platz f\u00fcr ca. 45<\/div>\n<div>Personen. Links von der Eingangst\u00fcre ist eine haushalts\u00fcbliche K\u00fcche eingebaut, mit<\/div>\n<div>Herd, Backofen und Sp\u00fclmaschine. Geschirr, Besteck, Bier- und Weingl\u00e4ser, sowie<\/div>\n<div>Gl\u00e4ser f\u00fcr alkoholfreie Getr\u00e4nke sind vorhanden.<\/div>\n<div>Gerne vermieten wir diesen Vereinsraum f\u00fcr private Feiern oder kleine<\/div>\n<div>Vereinsveranstaltungen. Speisen und Getr\u00e4nke werden von den jeweiligen Mietern nach<\/div>\n<div>eigenen W\u00fcnschen beschafft. Neben dem Haus sind 2 Stellpl\u00e4tze vorhanden. Im<\/div>\n<div>\u00dcbrigen kann entlang der M\u00f6rikestra\u00dfe geparkt werden.<\/div>\n<div>Bitte beachten Sie unsere Hausordnung, die Sie <a href=\"https:\/\/freunde-alter-technik-roemerstein.de\/index.php\/verein\/vereinsheim\/hausordnung\/\">hier<\/a> einsehen bzw. ausdrucken k\u00f6nnen.<\/div>\n<div>F\u00fcr weitere Fragen und Terminw\u00fcnsche steht unser 1. Vorsitzender gerne zur<\/div>\n<div>Verf\u00fcgung.<\/div>\n","protected":false},"excerpt":{"rendered":"<p>Unser Vereinsheim befindet sich in R\u00f6merstein-Donnstetten in der M\u00f6rikestra\u00dfe 4 (von Einheimischen \u201eKesselgasse\u201c genannt), direkt neben dem \u201eHaus der Vereine\u201c. Das Haus wurde von uns in den Jahren 2008 bis 2010 vollst\u00e4ndig umgebaut und im Oktober 2010 eingeweiht. Im Erdgeschoss <a class=\"more-link\" href=\"https:\/\/freunde-alter-technik-roemerstein.de\/index.php\/verein\/vereinsheim\/\">weiterlesen&#8230;<\/a><\/p>\n","protected":false},"author":1,"featured_media":0,"parent":66,"menu_order":0,"comment_status":"closed","ping_status":"closed","template":"","meta":{"footnotes":""},"class_list":["post-106","page","type-page","status-publish","hentry"],"_links":{"self":[{"href":"https:\/\/freunde-alter-technik-roemerstein.de\/index.php\/wp-json\/wp\/v2\/pages\/106","targetHints":{"allow":["GET"]}}],"collection":[{"href":"https:\/\/freunde-alter-technik-roemerstein.de\/index.php\/wp-json\/wp\/v2\/pages"}],"about":[{"href":"https:\/\/freunde-alter-technik-roemerstein.de\/index.php\/wp-json\/wp\/v2\/types\/page"}],"author":[{"embeddable":true,"href":"https:\/\/freunde-alter-technik-roemerstein.de\/index.php\/wp-json\/wp\/v2\/users\/1"}],"replies":[{"embeddable":true,"href":"https:\/\/freunde-alter-technik-roemerstein.de\/index.php\/wp-json\/wp\/v2\/comments?post=106"}],"version-history":[{"count":2,"href":"https:\/\/freunde-alter-technik-roemerstein.de\/index.php\/wp-json\/wp\/v2\/pages\/106\/revisions"}],"predecessor-version":[{"id":115,"href":"https:\/\/freunde-alter-technik-roemerstein.de\/index.php\/wp-json\/wp\/v2\/pages\/106\/revisions\/115"}],"up":[{"embeddable":true,"href":"https:\/\/freunde-alter-technik-roemerstein.de\/index.php\/wp-json\/wp\/v2\/pages\/66"}],"wp:attachment":[{"href":"https:\/\/freunde-alter-technik-roemerstein.de\/index.php\/wp-json\/wp\/v2\/media?parent=106"}],"curies":[{"name":"wp","href":"https:\/\/api.w.org\/{rel}","templated":true}]}}